{"id":1337,"date":"2025-07-04T17:26:53","date_gmt":"2025-07-04T14:26:53","guid":{"rendered":"https:\/\/hoteller.hotel-princeanakao.com\/confirmation-de-reservation\/reservation-annulee\/"},"modified":"2025-07-04T17:26:53","modified_gmt":"2025-07-04T14:26:53","slug":"reservation-annulee","status":"publish","type":"page","link":"https:\/\/hotel-princeanakao.com\/en\/confirmation-de-reservation\/reservation-annulee\/","title":{"rendered":"R\u00e9servation annul\u00e9e"},"content":{"rendered":"<p>Votre r\u00e9servation est annul\u00e9e.<\/p>","protected":false},"excerpt":{"rendered":"<p>Votre r\u00e9servation est annul\u00e9e.<\/p>","protected":false},"author":1,"featured_media":0,"parent":1335,"menu_order":0,"comment_status":"closed","ping_status":"closed","template":"","meta":{"_monsterinsights_skip_tracking":false,"_monsterinsights_sitenote_active":false,"_monsterinsights_sitenote_note":"","_monsterinsights_sitenote_category":0,"footnotes":""},"class_list":["post-1337","page","type-page","status-publish","hentry"],"_links":{"self":[{"href":"https:\/\/hotel-princeanakao.com\/en\/wp-json\/wp\/v2\/pages\/1337","targetHints":{"allow":["GET"]}}],"collection":[{"href":"https:\/\/hotel-princeanakao.com\/en\/wp-json\/wp\/v2\/pages"}],"about":[{"href":"https:\/\/hotel-princeanakao.com\/en\/wp-json\/wp\/v2\/types\/page"}],"author":[{"embeddable":true,"href":"https:\/\/hotel-princeanakao.com\/en\/wp-json\/wp\/v2\/users\/1"}],"replies":[{"embeddable":true,"href":"https:\/\/hotel-princeanakao.com\/en\/wp-json\/wp\/v2\/comments?post=1337"}],"version-history":[{"count":0,"href":"https:\/\/hotel-princeanakao.com\/en\/wp-json\/wp\/v2\/pages\/1337\/revisions"}],"up":[{"embeddable":true,"href":"https:\/\/hotel-princeanakao.com\/en\/wp-json\/wp\/v2\/pages\/1335"}],"wp:attachment":[{"href":"https:\/\/hotel-princeanakao.com\/en\/wp-json\/wp\/v2\/media?parent=1337"}],"curies":[{"name":"wp","href":"https:\/\/api.w.org\/{rel}","templated":true}]}}